{"id":67,"date":"2016-12-14T18:04:38","date_gmt":"2016-12-14T18:04:38","guid":{"rendered":"http:\/\/araufer.pt\/?page_id=67"},"modified":"2024-12-16T09:24:31","modified_gmt":"2024-12-16T09:24:31","slug":"contactos","status":"publish","type":"page","link":"https:\/\/araufer.pt\/?page_id=67","title":{"rendered":"Contactos"},"content":{"rendered":"<table>\n<tbody>\n<tr>\n<td><strong>ARAUFER \u2013 ACTIVIDADES METAL\u00daRGICAS, LDA.<\/strong><br \/>\nESTRADA NACIONAL N\u00ba 2<br \/>\nADI\u00c7A<br \/>\n3460-321 TONDELA<\/td>\n<td><\/td>\n<\/tr>\n<tr>\n<td><strong>Contactos telef\u00f3nicos<\/strong><br \/>\nTelefone: 232 816963 \/ 232 817804 *<br \/>\nFax: 232 817805 *<br \/>\n* Custo da chamada para a rede fixa ou m\u00f3vel de acordo com o seu tarif\u00e1rio.<\/td>\n<td><strong>Contactos digitais<\/strong><br \/>\nE-Mail: geral@araufer.pt<\/td>\n<\/tr>\n<tr>\n<td><\/td>\n<td><\/td>\n<\/tr>\n<tr>\n<td><strong>Hor\u00e1rio de atendimento<\/strong><\/td>\n<td><strong>Dias \u00fateis<\/strong><\/td>\n<\/tr>\n<tr>\n<td><\/td>\n<td>Das 8:30h \u00e1s 12:30h e das 14:00h \u00e1s 18:00h<\/td>\n<\/tr>\n<tr>\n<td><\/td>\n<td><strong>S\u00e1bados<\/strong><\/td>\n<\/tr>\n<tr>\n<td><\/td>\n<td>Das 8:30h \u00e1s 12:30h<\/td>\n<\/tr>\n<\/tbody>\n<\/table>\n<p><strong>Localiza\u00e7\u00e3o<\/strong><\/p>\n<table>\n<tbody>\n<tr>\n<td><a href=\"http:\/\/araufer.pt\/wp-content\/uploads\/2012\/09\/empresa3.jpg\">\u00a0<\/a><\/td>\n<td><iframe loading=\"lazy\" src=\"https:\/\/maps.google.pt\/maps?f=q&amp;source=s_q&amp;hl=pt-PT&amp;geocode=&amp;q=Araufer-actividades+Metal%C3%BArgicas+Lda,+Tondela&amp;aq=0&amp;oq=ARAUFER+%E2%80%93+ACTIVIDADES+METAL%C3%9ARGICA&amp;sll=40.50512,-8.066282&amp;sspn=0.040266,0.066175&amp;ie=UTF8&amp;hq=Araufer-actividades+Metal%C3%BArgicas+Lda,&amp;hnear=Tondela&amp;ll=40.487611,-8.089413&amp;spn=0.020138,0.033088&amp;t=m&amp;z=14&amp;iwloc=A&amp;cid=6221437026072625498&amp;output=embed\" width=\"425\" height=\"350\" frameborder=\"0\" marginwidth=\"0\" marginheight=\"0\" scrolling=\"no\"><\/iframe><br \/>\n<small><a style=\"color: #0000ff; text-align: left;\" href=\"https:\/\/maps.google.pt\/maps?f=q&amp;source=embed&amp;hl=pt-PT&amp;geocode=&amp;q=Araufer-actividades+Metal%C3%BArgicas+Lda,+Tondela&amp;aq=0&amp;oq=ARAUFER+%E2%80%93+ACTIVIDADES+METAL%C3%9ARGICA&amp;sll=40.50512,-8.066282&amp;sspn=0.040266,0.066175&amp;ie=UTF8&amp;hq=Araufer-actividades+Metal%C3%BArgicas+Lda,&amp;hnear=Tondela&amp;ll=40.487611,-8.089413&amp;spn=0.020138,0.033088&amp;t=m&amp;z=14&amp;iwloc=A&amp;cid=6221437026072625498\">Ver mapa maior<\/a><\/small><\/td>\n<\/tr>\n<\/tbody>\n<\/table>\n\n<div class=\"wpcf7 no-js\" id=\"wpcf7-f38-o1\" lang=\"pt-PT\" dir=\"ltr\">\n<div class=\"screen-reader-response\"><p role=\"status\" aria-live=\"polite\" aria-atomic=\"true\"><\/p> <ul><\/ul><\/div>\n<form action=\"\/index.php?rest_route=%2Fwp%2Fv2%2Fpages%2F67#wpcf7-f38-o1\" method=\"post\" class=\"wpcf7-form init\" aria-label=\"Formul\u00e1rio de contacto\" novalidate=\"novalidate\" data-status=\"init\">\n<div style=\"display: none;\">\n<input type=\"hidden\" name=\"_wpcf7\" value=\"38\" \/>\n<input type=\"hidden\" name=\"_wpcf7_version\" value=\"5.7.6\" \/>\n<input type=\"hidden\" name=\"_wpcf7_locale\" value=\"pt_PT\" \/>\n<input type=\"hidden\" name=\"_wpcf7_unit_tag\" value=\"wpcf7-f38-o1\" \/>\n<input type=\"hidden\" name=\"_wpcf7_container_post\" value=\"0\" \/>\n<input type=\"hidden\" name=\"_wpcf7_posted_data_hash\" value=\"\" \/>\n<\/div>\n<p>Nome (obrigat\u00f3rio)\n<\/p>\n<p><span class=\"wpcf7-form-control-wrap\" data-name=\"your-name\"><input size=\"40\" class=\"wpcf7-form-control wpcf7-text wpcf7-validates-as-required\" aria-required=\"true\" aria-invalid=\"false\" value=\"\" type=\"text\" name=\"your-name\" \/><\/span>\n<\/p>\n<p>E-mail (obrigat\u00f3rio)\n<\/p>\n<p><span class=\"wpcf7-form-control-wrap\" data-name=\"your-email\"><input size=\"40\" class=\"wpcf7-form-control wpcf7-text wpcf7-email wpcf7-validates-as-required wpcf7-validates-as-email\" aria-required=\"true\" aria-invalid=\"false\" value=\"\" type=\"email\" name=\"your-email\" \/><\/span>\n<\/p>\n<p>Assunto\n<\/p>\n<p><span class=\"wpcf7-form-control-wrap\" data-name=\"your-subject\"><input size=\"40\" class=\"wpcf7-form-control wpcf7-text\" aria-invalid=\"false\" value=\"\" type=\"text\" name=\"your-subject\" \/><\/span>\n<\/p>\n<p>Mensagem\n<\/p>\n<p><span class=\"wpcf7-form-control-wrap\" data-name=\"your-message\"><textarea cols=\"40\" rows=\"10\" class=\"wpcf7-form-control wpcf7-textarea\" aria-invalid=\"false\" name=\"your-message\"><\/textarea><\/span>\n<\/p>\n<p><input class=\"wpcf7-form-control has-spinner wpcf7-submit\" type=\"submit\" value=\"Enviar\" \/>\n<\/p><p style=\"display: none !important;\"><label>&#916;<textarea name=\"_wpcf7_ak_hp_textarea\" cols=\"45\" rows=\"8\" maxlength=\"100\"><\/textarea><\/label><input type=\"hidden\" id=\"ak_js_1\" name=\"_wpcf7_ak_js\" value=\"199\"\/><script>document.getElementById( \"ak_js_1\" ).setAttribute( \"value\", ( new Date() ).getTime() );<\/script><\/p><div class=\"wpcf7-response-output\" aria-hidden=\"true\"><\/div>\n<\/form>\n<\/div>\n\n","protected":false},"excerpt":{"rendered":"<p>ARAUFER \u2013 ACTIVIDADES METAL\u00daRGICAS, LDA. ESTRADA NACIONAL N\u00ba 2 ADI\u00c7A 3460-321 TONDELA Contactos telef\u00f3nicos Telefone: 232 816963 \/ 232 817804 * Fax: 232 817805 * * Custo da chamada para a rede fixa ou m\u00f3vel de acordo com o seu tarif\u00e1rio. Contactos digitais E-Mail: geral@araufer.pt Hor\u00e1rio de atendimento Dias \u00fateis Das 8:30h \u00e1s 12:30h e <a href=\"https:\/\/araufer.pt\/?page_id=67\" rel=\"nofollow\"><span class=\"sr-only\">Ler mais sobreContactos<\/span>[&#8230;]<\/a><\/p>\n","protected":false},"author":1,"featured_media":0,"parent":0,"menu_order":1,"comment_status":"closed","ping_status":"closed","template":"","meta":[],"_links":{"self":[{"href":"https:\/\/araufer.pt\/index.php?rest_route=\/wp\/v2\/pages\/67"}],"collection":[{"href":"https:\/\/araufer.pt\/index.php?rest_route=\/wp\/v2\/pages"}],"about":[{"href":"https:\/\/araufer.pt\/index.php?rest_route=\/wp\/v2\/types\/page"}],"author":[{"embeddable":true,"href":"https:\/\/araufer.pt\/index.php?rest_route=\/wp\/v2\/users\/1"}],"replies":[{"embeddable":true,"href":"https:\/\/araufer.pt\/index.php?rest_route=%2Fwp%2Fv2%2Fcomments&post=67"}],"version-history":[{"count":11,"href":"https:\/\/araufer.pt\/index.php?rest_route=\/wp\/v2\/pages\/67\/revisions"}],"predecessor-version":[{"id":229,"href":"https:\/\/araufer.pt\/index.php?rest_route=\/wp\/v2\/pages\/67\/revisions\/229"}],"wp:attachment":[{"href":"https:\/\/araufer.pt\/index.php?rest_route=%2Fwp%2Fv2%2Fmedia&parent=67"}],"curies":[{"name":"wp","href":"https:\/\/api.w.org\/{rel}","templated":true}]}}